{"id":2,"date":"2021-08-12T15:38:32","date_gmt":"2021-08-12T15:38:32","guid":{"rendered":"https:\/\/markutech.com\/blog\/?page_id=2"},"modified":"2021-08-26T09:33:33","modified_gmt":"2021-08-26T09:33:33","slug":"markutech-blog","status":"publish","type":"page","link":"https:\/\/markutech.com\/blog\/","title":{"rendered":"El blog de <br> Markutech Group"},"content":{"rendered":"\n<p>El Blog de Markutech Group. Un espacio donde compartimos con vosotros las \u00faltimas novedades que afectan a nuestra empresa, a nuestro sector y nuestro entorno. <\/p>\n\n\n\n<p>Un espacio en el que tambi\u00e9n facilitaremos trucos, manuales, enlaces de inter\u00e9s y todo lo que veamos que puede ser interesante compartir. Esperamos que os ayuden y que os enlaces que os compartimos os sean \u00fatiles. <\/p>\n\n\n\n<p>Publicaremos tambi\u00e9n las novedades de producto, promociones y c\u00f3digos de descuento. S\u00edguenos tambi\u00e9n en redes sociales para no perderte nada y estar siempre al d\u00eda de todo.<\/p>\n\n\n\n<p>Recuerda que siempre puedes contactar con nosotros por ticket, mail y tel\u00e9fono. <\/p>\n\n\n\n<p>\u00a1Nos vemos on-line!<\/p>\n\n\n\n<p class=\"has-text-align-right\"><a href=\"https:\/\/markutech.com\/blog\/entradas\/\" target=\"_blank\" rel=\"noreferrer noopener\">Ver mas entradas<\/a><\/p>\n\n\n<ul class=\"wp-block-latest-posts__list aligncenter wp-block-latest-posts\"><li><a class=\"wp-block-latest-posts__post-title\" href=\"https:\/\/markutech.com\/blog\/programa-de-comercio-local-de-markutech-group\/\">Programa de Comercio Local de Markutech Group<\/a><div class=\"wp-block-latest-posts__post-excerpt\">Programa de Comercio Local de Markutech Group. Webs econ\u00f3micas y servicios de Marketing asequibles para lanzar tu negocio en internet.<\/div><\/li>\n<li><a class=\"wp-block-latest-posts__post-title\" href=\"https:\/\/markutech.com\/blog\/promocion-black-friday-2021\/\">Promoci\u00f3n Black Friday 2021 en Markutech Group<\/a><div class=\"wp-block-latest-posts__post-excerpt\">Promoci\u00f3n Black Friday 2021 con c\u00f3digos de descuento para hosting SSD NVMe y VPS SSD NVMe. Solo del 25\/10 al 7\/12.<\/div><\/li>\n<li><a class=\"wp-block-latest-posts__post-title\" href=\"https:\/\/markutech.com\/blog\/problemas-de-conexion-con-los-certificados-ssl-gratuitos\/\">Problemas de conexi\u00f3n con los certificados SSL gratuitos<\/a><div class=\"wp-block-latest-posts__post-excerpt\">Problemas de conexi\u00f3n con los certificados SSL gratuitos.<\/div><\/li>\n<li><a class=\"wp-block-latest-posts__post-title\" href=\"https:\/\/markutech.com\/blog\/migracion-dominios-es-a-namesrs\/\">Migraci\u00f3n de dominios .es a NameSRS<\/a><div class=\"wp-block-latest-posts__post-excerpt\">Migramos todos los dominios .es a nuestro registrador principal, NameSRS, para una mejor gesti\u00f3n de dominios y servicios DNS.<\/div><\/li>\n<li><a class=\"wp-block-latest-posts__post-title\" href=\"https:\/\/markutech.com\/blog\/incidencia-grave-detectada-en-wordpress\/\">Incidencia grave detectada en WordPress<\/a><div class=\"wp-block-latest-posts__post-excerpt\">Detectamos una incidencia grave en las versiones desactualizadas de WordPress que permite acceder al cPanel del usuario.<\/div><\/li>\n<li><a class=\"wp-block-latest-posts__post-title\" href=\"https:\/\/markutech.com\/blog\/servicio-de-monitorizacion-y-alertas-24x7\/\">Servicio de Monitorizaci\u00f3n y Alertas 24&#215;7<\/a><div class=\"wp-block-latest-posts__post-excerpt\">Servicio Monitorizaci\u00f3n y Alertas 24&#215;7, para un control total de la infraestructura contratada en Markutech Group.<\/div><\/li>\n<\/ul>\n\n\n<p class=\"h2\">Categor\u00edas del blog:<\/p>\n\n\n<ul class=\"wp-block-categories-list wp-block-categories\">\t<li class=\"cat-item cat-item-8\"><a href=\"https:\/\/markutech.com\/blog\/category\/adquisiciones\/\">Adquisiciones<\/a> (3)\n<\/li>\n\t<li class=\"cat-item cat-item-30\"><a href=\"https:\/\/markutech.com\/blog\/category\/alertas-24x7\/\">Alertas 24&#215;7<\/a> (1)\n<\/li>\n\t<li class=\"cat-item cat-item-34\"><a href=\"https:\/\/markutech.com\/blog\/category\/certificados-ssl\/\">Certificados SSL<\/a> (1)\n<\/li>\n\t<li class=\"cat-item cat-item-12\"><a href=\"https:\/\/markutech.com\/blog\/category\/dns\/\">DNS<\/a> (3)\n<\/li>\n\t<li class=\"cat-item cat-item-7\"><a href=\"https:\/\/markutech.com\/blog\/category\/dominios\/\">Dominios<\/a> (9)\n<\/li>\n\t<li class=\"cat-item cat-item-6\"><a href=\"https:\/\/markutech.com\/blog\/category\/hosting\/\">Hosting<\/a> (9)\n<\/li>\n\t<li class=\"cat-item cat-item-38\"><a href=\"https:\/\/markutech.com\/blog\/category\/marketing-digital\/\">Marketing Digital<\/a> (1)\n<\/li>\n\t<li class=\"cat-item cat-item-29\"><a href=\"https:\/\/markutech.com\/blog\/category\/monitorizacion-avanzada\/\">Monitorizaci\u00f3n Avanzada<\/a> (1)\n<\/li>\n\t<li class=\"cat-item cat-item-13\"><a href=\"https:\/\/markutech.com\/blog\/category\/soporte\/\">Soporte<\/a> (4)\n<\/li>\n\t<li class=\"cat-item cat-item-37\"><a href=\"https:\/\/markutech.com\/blog\/category\/web\/\">Web<\/a> (1)\n<\/li>\n\t<li class=\"cat-item cat-item-33\"><a href=\"https:\/\/markutech.com\/blog\/category\/wordpress\/\">WordPress<\/a> (2)\n<\/li>\n<\/ul>","protected":false},"excerpt":{"rendered":"<p>El Blog de Markutech Group. Un espacio donde compartimos con vosotros las \u00faltimas novedades que afectan a nuestra empresa, a nuestro sector y nuestro entorno. Un espacio en el que tambi\u00e9n facilitaremos trucos, manuales, enlaces de inter\u00e9s y todo lo que veamos que puede ser interesante compartir. Esperamos que os ayuden y que os enlaces [&hellip;]<\/p>\n","protected":false},"author":1,"featured_media":0,"parent":0,"menu_order":0,"comment_status":"closed","ping_status":"open","template":"","meta":{"footnotes":""},"class_list":["post-2","page","type-page","status-publish","hentry"],"yoast_head":"<!-- This site is optimized with the Yoast SEO plugin v16.9 - https:\/\/yoast.com\/wordpress\/plugins\/seo\/ -->\n<title>El blog de  Markutech Group - Markutech Group<\/title>\n<meta name=\"description\" content=\"El blog de Markutech, en el que compartimos novedades, trucos y promociones. \u00a1S\u00edguenos aqu\u00ed y en redes sociales para estar siempre al d\u00eda!\" \/>\n<meta name=\"robots\" content=\"index, follow, max-snippet:-1, max-image-preview:large, max-video-preview:-1\" \/>\n<link rel=\"canonical\" href=\"https:\/\/markutech.com\/blog\/\" \/>\n<meta property=\"og:locale\" content=\"es_ES\" \/>\n<meta property=\"og:type\" content=\"article\" \/>\n<meta property=\"og:title\" content=\"El blog de  Markutech Group - Markutech Group\" \/>\n<meta property=\"og:description\" content=\"El blog de Markutech, en el que compartimos novedades, trucos y promociones. \u00a1S\u00edguenos aqu\u00ed y en redes sociales para estar siempre al d\u00eda!\" \/>\n<meta property=\"og:url\" content=\"https:\/\/markutech.com\/blog\/\" \/>\n<meta property=\"og:site_name\" content=\"Markutech Group\" \/>\n<meta property=\"article:modified_time\" content=\"2021-08-26T09:33:33+00:00\" \/>\n<meta name=\"twitter:card\" content=\"summary_large_image\" \/>\n<meta name=\"twitter:label1\" content=\"Tiempo de lectura\" \/>\n\t<meta name=\"twitter:data1\" content=\"1 minuto\" \/>\n<script type=\"application\/ld+json\" class=\"yoast-schema-graph\">{\"@context\":\"https:\/\/schema.org\",\"@graph\":[{\"@type\":\"WebSite\",\"@id\":\"https:\/\/markutech.com\/blog\/#website\",\"url\":\"https:\/\/markutech.com\/blog\/\",\"name\":\"Markutech Group\",\"description\":\"\",\"potentialAction\":[{\"@type\":\"SearchAction\",\"target\":{\"@type\":\"EntryPoint\",\"urlTemplate\":\"https:\/\/markutech.com\/blog\/?s={search_term_string}\"},\"query-input\":\"required name=search_term_string\"}],\"inLanguage\":\"es\"},{\"@type\":\"WebPage\",\"@id\":\"https:\/\/markutech.com\/blog\/#webpage\",\"url\":\"https:\/\/markutech.com\/blog\/\",\"name\":\"El blog de Markutech Group - Markutech Group\",\"isPartOf\":{\"@id\":\"https:\/\/markutech.com\/blog\/#website\"},\"datePublished\":\"2021-08-12T15:38:32+00:00\",\"dateModified\":\"2021-08-26T09:33:33+00:00\",\"description\":\"El blog de Markutech, en el que compartimos novedades, trucos y promociones. \\u00a1S\\u00edguenos aqu\\u00ed y en redes sociales para estar siempre al d\\u00eda!\",\"breadcrumb\":{\"@id\":\"https:\/\/markutech.com\/blog\/#breadcrumb\"},\"inLanguage\":\"es\",\"potentialAction\":[{\"@type\":\"ReadAction\",\"target\":[\"https:\/\/markutech.com\/blog\/\"]}]},{\"@type\":\"BreadcrumbList\",\"@id\":\"https:\/\/markutech.com\/blog\/#breadcrumb\",\"itemListElement\":[{\"@type\":\"ListItem\",\"position\":1,\"name\":\"Portada\",\"item\":\"https:\/\/markutech.com\/blog\/\"},{\"@type\":\"ListItem\",\"position\":2,\"name\":\"El blog de Markutech Group\"}]}]}<\/script>\n<!-- \/ Yoast SEO plugin. -->","yoast_head_json":{"title":"El blog de  Markutech Group - Markutech Group","description":"El blog de Markutech, en el que compartimos novedades, trucos y promociones. \u00a1S\u00edguenos aqu\u00ed y en redes sociales para estar siempre al d\u00eda!","robots":{"index":"index","follow":"follow","max-snippet":"max-snippet:-1","max-image-preview":"max-image-preview:large","max-video-preview":"max-video-preview:-1"},"canonical":"https:\/\/markutech.com\/blog\/","og_locale":"es_ES","og_type":"article","og_title":"El blog de  Markutech Group - Markutech Group","og_description":"El blog de Markutech, en el que compartimos novedades, trucos y promociones. \u00a1S\u00edguenos aqu\u00ed y en redes sociales para estar siempre al d\u00eda!","og_url":"https:\/\/markutech.com\/blog\/","og_site_name":"Markutech Group","article_modified_time":"2021-08-26T09:33:33+00:00","twitter_card":"summary_large_image","twitter_misc":{"Tiempo de lectura":"1 minuto"},"schema":{"@context":"https:\/\/schema.org","@graph":[{"@type":"WebSite","@id":"https:\/\/markutech.com\/blog\/#website","url":"https:\/\/markutech.com\/blog\/","name":"Markutech Group","description":"","potentialAction":[{"@type":"SearchAction","target":{"@type":"EntryPoint","urlTemplate":"https:\/\/markutech.com\/blog\/?s={search_term_string}"},"query-input":"required name=search_term_string"}],"inLanguage":"es"},{"@type":"WebPage","@id":"https:\/\/markutech.com\/blog\/#webpage","url":"https:\/\/markutech.com\/blog\/","name":"El blog de Markutech Group - Markutech Group","isPartOf":{"@id":"https:\/\/markutech.com\/blog\/#website"},"datePublished":"2021-08-12T15:38:32+00:00","dateModified":"2021-08-26T09:33:33+00:00","description":"El blog de Markutech, en el que compartimos novedades, trucos y promociones. \u00a1S\u00edguenos aqu\u00ed y en redes sociales para estar siempre al d\u00eda!","breadcrumb":{"@id":"https:\/\/markutech.com\/blog\/#breadcrumb"},"inLanguage":"es","potentialAction":[{"@type":"ReadAction","target":["https:\/\/markutech.com\/blog\/"]}]},{"@type":"BreadcrumbList","@id":"https:\/\/markutech.com\/blog\/#breadcrumb","itemListElement":[{"@type":"ListItem","position":1,"name":"Portada","item":"https:\/\/markutech.com\/blog\/"},{"@type":"ListItem","position":2,"name":"El blog de Markutech Group"}]}]}},"_links":{"self":[{"href":"https:\/\/markutech.com\/blog\/wp-json\/wp\/v2\/pages\/2","targetHints":{"allow":["GET"]}}],"collection":[{"href":"https:\/\/markutech.com\/blog\/wp-json\/wp\/v2\/pages"}],"about":[{"href":"https:\/\/markutech.com\/blog\/wp-json\/wp\/v2\/types\/page"}],"author":[{"embeddable":true,"href":"https:\/\/markutech.com\/blog\/wp-json\/wp\/v2\/users\/1"}],"replies":[{"embeddable":true,"href":"https:\/\/markutech.com\/blog\/wp-json\/wp\/v2\/comments?post=2"}],"version-history":[{"count":10,"href":"https:\/\/markutech.com\/blog\/wp-json\/wp\/v2\/pages\/2\/revisions"}],"predecessor-version":[{"id":185,"href":"https:\/\/markutech.com\/blog\/wp-json\/wp\/v2\/pages\/2\/revisions\/185"}],"wp:attachment":[{"href":"https:\/\/markutech.com\/blog\/wp-json\/wp\/v2\/media?parent=2"}],"curies":[{"name":"wp","href":"https:\/\/api.w.org\/{rel}","templated":true}]}}